{"id":102,"date":"2022-10-16T22:04:18","date_gmt":"2022-10-16T22:04:18","guid":{"rendered":"https:\/\/noelmontreal.ca\/villagedenoel\/?page_id=102"},"modified":"2025-11-22T22:23:41","modified_gmt":"2025-11-22T22:23:41","slug":"faq","status":"publish","type":"page","link":"https:\/\/noelmontreal.ca\/villagedenoel\/faq\/","title":{"rendered":"FAQ"},"content":{"rendered":"\t\t<div data-elementor-type=\"wp-page\" data-elementor-id=\"102\" class=\"elementor elementor-102\" data-elementor-post-type=\"page\">\n\t\t\t\t\t\t<section class=\"elementor-section elementor-top-section elementor-element elementor-element-e1f3718 elementor-section-full_width elementor-section-height-default elementor-section-height-default\" data-id=\"e1f3718\" data-element_type=\"section\" data-settings=\"{&quot;background_background&quot;:&quot;classic&quot;}\">\n\t\t\t\t\t\t\t<div class=\"elementor-background-overlay\"><\/div>\n\t\t\t\t\t\t\t<div class=\"elementor-container elementor-column-gap-default\">\n\t\t\t\t\t<div class=\"elementor-column elementor-col-100 elementor-top-column elementor-element elementor-element-27bebb9 elementor-invisible\" data-id=\"27bebb9\" data-element_type=\"column\" data-settings=\"{&quot;background_background&quot;:&quot;classic&quot;,&quot;animation&quot;:&quot;fadeIn&quot;}\">\n\t\t\t<div class=\"elementor-widget-wrap elementor-element-populated\">\n\t\t\t\t\t\t<section class=\"elementor-section elementor-inner-section elementor-element elementor-element-98b6b8b elementor-section-boxed elementor-section-height-default elementor-section-height-default\" data-id=\"98b6b8b\" data-element_type=\"section\">\n\t\t\t\t\t\t<div class=\"elementor-container elementor-column-gap-default\">\n\t\t\t\t\t<div class=\"elementor-column elementor-col-100 elementor-inner-column elementor-element elementor-element-8aae026\" data-id=\"8aae026\" data-element_type=\"column\" data-settings=\"{&quot;background_background&quot;:&quot;classic&quot;}\">\n\t\t\t<div class=\"elementor-widget-wrap elementor-element-populated\">\n\t\t\t\t\t\t<div class=\"elementor-element elementor-element-72db82c elementor-widget elementor-widget-heading\" data-id=\"72db82c\" data-element_type=\"widget\" data-settings=\"{&quot;ekit_we_effect_on&quot;:&quot;none&quot;}\" data-widget_type=\"heading.default\">\n\t\t\t\t<div class=\"elementor-widget-container\">\n\t\t\t\t\t<h1 class=\"elementor-heading-title elementor-size-default\">Foire aux questions<\/h1>\t\t\t\t<\/div>\n\t\t\t\t<\/div>\n\t\t\t\t<div class=\"elementor-element elementor-element-ec84402 elementor-widget elementor-widget-text-editor\" data-id=\"ec84402\" data-element_type=\"widget\" data-settings=\"{&quot;ekit_we_effect_on&quot;:&quot;none&quot;}\" data-widget_type=\"text-editor.default\">\n\t\t\t\t<div class=\"elementor-widget-container\">\n\t\t\t\t\t\t\t\t\t<p>Toutes les questions que vous vous posez sur nos \u00e9v\u00e9nements.<\/p>\t\t\t\t\t\t\t\t<\/div>\n\t\t\t\t<\/div>\n\t\t\t\t\t<\/div>\n\t\t<\/div>\n\t\t\t\t\t<\/div>\n\t\t<\/section>\n\t\t\t\t\t<\/div>\n\t\t<\/div>\n\t\t\t\t\t<\/div>\n\t\t<\/section>\n\t\t\t\t<section class=\"elementor-section elementor-top-section elementor-element elementor-element-31df8da elementor-section-boxed elementor-section-height-default elementor-section-height-default\" data-id=\"31df8da\" data-element_type=\"section\">\n\t\t\t\t\t\t<div class=\"elementor-container elementor-column-gap-default\">\n\t\t\t\t\t<div class=\"elementor-column elementor-col-100 elementor-top-column elementor-element elementor-element-aa31727\" data-id=\"aa31727\" data-element_type=\"column\">\n\t\t\t<div class=\"elementor-widget-wrap elementor-element-populated\">\n\t\t\t\t\t\t<div class=\"elementor-element elementor-element-0311b73 elementor-widget elementor-widget-exhibz-title\" data-id=\"0311b73\" data-element_type=\"widget\" data-settings=\"{&quot;ekit_we_effect_on&quot;:&quot;none&quot;}\" data-widget_type=\"exhibz-title.default\">\n\t\t\t\t<div class=\"elementor-widget-container\">\n\t\t\t\t\t\n    <div class=\"title-section-area\">\n        <h2 class=\"section-title\">\n            <span class=\"sub-title\"><\/span>\n\t\t\tQuestions des visiteurs        <\/h2>\n\t\t                    <\/div><!-- Section title -->\n    \n    \n\n    \t\t\t\t<\/div>\n\t\t\t\t<\/div>\n\t\t\t\t<div class=\"elementor-element elementor-element-d12c6b1 elementor-widget elementor-widget-elementskit-accordion\" data-id=\"d12c6b1\" data-element_type=\"widget\" data-settings=\"{&quot;ekit_we_effect_on&quot;:&quot;none&quot;}\" data-widget_type=\"elementskit-accordion.default\">\n\t\t\t\t<div class=\"elementor-widget-container\">\n\t\t\t\t\t<div class=\"ekit-wid-con\" >\n        <div class=\"elementskit-accordion accoedion-primary\" id=\"accordion-69de8753c6dd5\">\n\n            \n                <div class=\"elementskit-card active\">\n                    <div class=\"elementskit-card-header\" id=\"primaryHeading-0-d12c6b1\">\n                        <a href=\"#collapse-eb7db9769de8753c6dd5\" class=\"ekit-accordion--toggler elementskit-btn-link collapsed\" data-ekit-toggle=\"collapse\" data-target=\"#Collapse-eb7db9769de8753c6dd5\" aria-expanded=\"true\" aria-controls=\"Collapse-eb7db9769de8753c6dd5\">\n                            \n                            <span class=\"ekit-accordion-title\">Les animaux sont-ils autoris\u00e9s ?<\/span>\n\n                            \n                                <div class=\"ekit_accordion_icon_group\">\n                                    <div class=\"ekit_accordion_normal_icon\">\n                                        <!-- Normal Icon -->\n\t\t\t\t\t\t\t\t\t\t<i class=\"icon icon-down-arrow1\"><\/i>                                    <\/div>\n\n                                    <div class=\"ekit_accordion_active_icon\">\n                                        <!-- Active Icon -->\n\t\t\t\t\t\t\t\t\t\t<i class=\"icon icon-up-arrow\"><\/i>                                    <\/div>\n                                <\/div>\n\n                            \n                                                    <\/a>\n                    <\/div>\n\n                    <div id=\"Collapse-eb7db9769de8753c6dd5\" class=\" show collapse\" aria-labelledby=\"primaryHeading-0-d12c6b1\" data-parent=\"#accordion-69de8753c6dd5\">\n\n                        <div class=\"elementskit-card-body ekit-accordion--content\">\n                            <p>Nos amis \u00e0 4 pattes\u00a0sont les bienvenus, \u00e0 condition qu\u2019ils soient tenus en laisse.\u00a0<\/p><p>Attention aux visiteurs du Village de No\u00ebl qui voudraient se rendre ensuite \u00e0 l\u2019int\u00e9rieur du March\u00e9 Atwater Atwater, les animaux ne sont pas autoris\u00e9s (r\u00e8glement MAPAQ), m\u00eame s\u2019ils sont tenus en laisse.\u00a0<\/p><p><strong>Notez que les chiens permettant de pallier un handicap sont toujours autoris\u00e9s.<\/strong><\/p>                        <\/div>\n\n                    <\/div>\n\n                <\/div><!-- .elementskit-card END -->\n\n                \n                <div class=\"elementskit-card \">\n                    <div class=\"elementskit-card-header\" id=\"primaryHeading-1-d12c6b1\">\n                        <a href=\"#collapse-2ab636269de8753c6dd5\" class=\"ekit-accordion--toggler elementskit-btn-link collapsed\" data-ekit-toggle=\"collapse\" data-target=\"#Collapse-2ab636269de8753c6dd5\" aria-expanded=\"false\" aria-controls=\"Collapse-2ab636269de8753c6dd5\">\n                            \n                            <span class=\"ekit-accordion-title\">Les sites sont-ils adapt\u00e9s aux personnes \u00e0 mobilit\u00e9 r\u00e9duite ?<\/span>\n\n                            \n                                <div class=\"ekit_accordion_icon_group\">\n                                    <div class=\"ekit_accordion_normal_icon\">\n                                        <!-- Normal Icon -->\n\t\t\t\t\t\t\t\t\t\t<i class=\"icon icon-down-arrow1\"><\/i>                                    <\/div>\n\n                                    <div class=\"ekit_accordion_active_icon\">\n                                        <!-- Active Icon -->\n\t\t\t\t\t\t\t\t\t\t<i class=\"icon icon-up-arrow\"><\/i>                                    <\/div>\n                                <\/div>\n\n                            \n                                                    <\/a>\n                    <\/div>\n\n                    <div id=\"Collapse-2ab636269de8753c6dd5\" class=\" collapse\" aria-labelledby=\"primaryHeading-1-d12c6b1\" data-parent=\"#accordion-69de8753c6dd5\">\n\n                        <div class=\"elementskit-card-body ekit-accordion--content\">\n                            <p><strong>Tous nos sites sont accessibles<\/strong>\u00a0aux poussettes et aux personnes \u00e0 mobilit\u00e9 r\u00e9duite.<\/p>                        <\/div>\n\n                    <\/div>\n\n                <\/div><!-- .elementskit-card END -->\n\n                \n                <div class=\"elementskit-card \">\n                    <div class=\"elementskit-card-header\" id=\"primaryHeading-2-d12c6b1\">\n                        <a href=\"#collapse-c86697a69de8753c6dd5\" class=\"ekit-accordion--toggler elementskit-btn-link collapsed\" data-ekit-toggle=\"collapse\" data-target=\"#Collapse-c86697a69de8753c6dd5\" aria-expanded=\"false\" aria-controls=\"Collapse-c86697a69de8753c6dd5\">\n                            \n                            <span class=\"ekit-accordion-title\">Comment se rendre aux diff\u00e9rents \u00e9v\u00e9nements ?<\/span>\n\n                            \n                                <div class=\"ekit_accordion_icon_group\">\n                                    <div class=\"ekit_accordion_normal_icon\">\n                                        <!-- Normal Icon -->\n\t\t\t\t\t\t\t\t\t\t<i class=\"icon icon-down-arrow1\"><\/i>                                    <\/div>\n\n                                    <div class=\"ekit_accordion_active_icon\">\n                                        <!-- Active Icon -->\n\t\t\t\t\t\t\t\t\t\t<i class=\"icon icon-up-arrow\"><\/i>                                    <\/div>\n                                <\/div>\n\n                            \n                                                    <\/a>\n                    <\/div>\n\n                    <div id=\"Collapse-c86697a69de8753c6dd5\" class=\" collapse\" aria-labelledby=\"primaryHeading-2-d12c6b1\" data-parent=\"#accordion-69de8753c6dd5\">\n\n                        <div class=\"elementskit-card-body ekit-accordion--content\">\n                            <p>Voir les informations pratiques dans cette <a href=\"https:\/\/noelmontreal.ca\/villagedenoel\/#venir\">section de la page d'accueil<\/a>.<\/p>                        <\/div>\n\n                    <\/div>\n\n                <\/div><!-- .elementskit-card END -->\n\n                \n                <div class=\"elementskit-card \">\n                    <div class=\"elementskit-card-header\" id=\"primaryHeading-3-d12c6b1\">\n                        <a href=\"#collapse-d9c79f069de8753c6dd5\" class=\"ekit-accordion--toggler elementskit-btn-link collapsed\" data-ekit-toggle=\"collapse\" data-target=\"#Collapse-d9c79f069de8753c6dd5\" aria-expanded=\"false\" aria-controls=\"Collapse-d9c79f069de8753c6dd5\">\n                            \n                            <span class=\"ekit-accordion-title\">Faut-il payer pour assister aux \u00e9v\u00e9nements ?<\/span>\n\n                            \n                                <div class=\"ekit_accordion_icon_group\">\n                                    <div class=\"ekit_accordion_normal_icon\">\n                                        <!-- Normal Icon -->\n\t\t\t\t\t\t\t\t\t\t<i class=\"icon icon-down-arrow1\"><\/i>                                    <\/div>\n\n                                    <div class=\"ekit_accordion_active_icon\">\n                                        <!-- Active Icon -->\n\t\t\t\t\t\t\t\t\t\t<i class=\"icon icon-up-arrow\"><\/i>                                    <\/div>\n                                <\/div>\n\n                            \n                                                    <\/a>\n                    <\/div>\n\n                    <div id=\"Collapse-d9c79f069de8753c6dd5\" class=\" collapse\" aria-labelledby=\"primaryHeading-3-d12c6b1\" data-parent=\"#accordion-69de8753c6dd5\">\n\n                        <div class=\"elementskit-card-body ekit-accordion--content\">\n                            <p>Tous nos \u00e9v\u00e9nements sont\u00a0<strong>gratuits<\/strong>\u00a0et\u00a0<strong>ouverts \u00e0 tous<\/strong>.<\/p>                        <\/div>\n\n                    <\/div>\n\n                <\/div><!-- .elementskit-card END -->\n\n                \n                <div class=\"elementskit-card \">\n                    <div class=\"elementskit-card-header\" id=\"primaryHeading-4-d12c6b1\">\n                        <a href=\"#collapse-fe8a02469de8753c6dd5\" class=\"ekit-accordion--toggler elementskit-btn-link collapsed\" data-ekit-toggle=\"collapse\" data-target=\"#Collapse-fe8a02469de8753c6dd5\" aria-expanded=\"false\" aria-controls=\"Collapse-fe8a02469de8753c6dd5\">\n                            \n                            <span class=\"ekit-accordion-title\">Quelles sont les toilettes les plus proches ?<\/span>\n\n                            \n                                <div class=\"ekit_accordion_icon_group\">\n                                    <div class=\"ekit_accordion_normal_icon\">\n                                        <!-- Normal Icon -->\n\t\t\t\t\t\t\t\t\t\t<i class=\"icon icon-down-arrow1\"><\/i>                                    <\/div>\n\n                                    <div class=\"ekit_accordion_active_icon\">\n                                        <!-- Active Icon -->\n\t\t\t\t\t\t\t\t\t\t<i class=\"icon icon-up-arrow\"><\/i>                                    <\/div>\n                                <\/div>\n\n                            \n                                                    <\/a>\n                    <\/div>\n\n                    <div id=\"Collapse-fe8a02469de8753c6dd5\" class=\" collapse\" aria-labelledby=\"primaryHeading-4-d12c6b1\" data-parent=\"#accordion-69de8753c6dd5\">\n\n                        <div class=\"elementskit-card-body ekit-accordion--content\">\n                            <p>Il y a des toilettes directement sur le site du Village de No\u00ebl, entre la Petite Taverne et le Havre aux Glaces.<\/p>                        <\/div>\n\n                    <\/div>\n\n                <\/div><!-- .elementskit-card END -->\n\n                                        <\/div>\n    <\/div>\t\t\t\t<\/div>\n\t\t\t\t<\/div>\n\t\t\t\t\t<\/div>\n\t\t<\/div>\n\t\t\t\t\t<\/div>\n\t\t<\/section>\n\t\t\t\t<\/div>\n\t\t","protected":false},"excerpt":{"rendered":"<p>Foire aux questions Toutes les questions que vous vous posez sur nos \u00e9v\u00e9nements. Questions des visiteurs Les animaux sont-ils autoris\u00e9s ? Nos amis \u00e0 4 pattes\u00a0sont les bienvenus, \u00e0 condition qu\u2019ils soient tenus en laisse.\u00a0 Attention aux visiteurs du Village de No\u00ebl qui voudraient se rendre ensuite \u00e0 l\u2019int\u00e9rieur du March\u00e9 Atwater Atwater, les animaux [&hellip;]<\/p>\n","protected":false},"author":1,"featured_media":0,"parent":0,"menu_order":0,"comment_status":"closed","ping_status":"closed","template":"elementor_header_footer","meta":{"om_disable_all_campaigns":false,"_monsterinsights_skip_tracking":false,"_monsterinsights_sitenote_active":false,"_monsterinsights_sitenote_note":"","_monsterinsights_sitenote_category":0,"_uf_show_specific_survey":0,"_uf_disable_surveys":false,"footnotes":""},"class_list":["post-102","page","type-page","status-publish","hentry"],"aioseo_notices":[],"_links":{"self":[{"href":"https:\/\/noelmontreal.ca\/villagedenoel\/wp-json\/wp\/v2\/pages\/102","targetHints":{"allow":["GET"]}}],"collection":[{"href":"https:\/\/noelmontreal.ca\/villagedenoel\/wp-json\/wp\/v2\/pages"}],"about":[{"href":"https:\/\/noelmontreal.ca\/villagedenoel\/wp-json\/wp\/v2\/types\/page"}],"author":[{"embeddable":true,"href":"https:\/\/noelmontreal.ca\/villagedenoel\/wp-json\/wp\/v2\/users\/1"}],"replies":[{"embeddable":true,"href":"https:\/\/noelmontreal.ca\/villagedenoel\/wp-json\/wp\/v2\/comments?post=102"}],"version-history":[{"count":34,"href":"https:\/\/noelmontreal.ca\/villagedenoel\/wp-json\/wp\/v2\/pages\/102\/revisions"}],"predecessor-version":[{"id":3261,"href":"https:\/\/noelmontreal.ca\/villagedenoel\/wp-json\/wp\/v2\/pages\/102\/revisions\/3261"}],"wp:attachment":[{"href":"https:\/\/noelmontreal.ca\/villagedenoel\/wp-json\/wp\/v2\/media?parent=102"}],"curies":[{"name":"wp","href":"https:\/\/api.w.org\/{rel}","templated":true}]}}