{"id":2594,"date":"2025-09-29T00:42:07","date_gmt":"2025-09-29T00:42:07","guid":{"rendered":"https:\/\/noelmontreal.ca\/grandmarchedenoel\/?page_id=2594"},"modified":"2025-11-12T16:45:38","modified_gmt":"2025-11-12T16:45:38","slug":"nos-artisans","status":"publish","type":"page","link":"https:\/\/noelmontreal.ca\/grandmarchedenoel\/nos-artisans\/","title":{"rendered":"Nos artisans"},"content":{"rendered":"\t\t<div data-elementor-type=\"wp-page\" data-elementor-id=\"2594\" class=\"elementor elementor-2594\" data-elementor-post-type=\"page\">\n\t\t\t\t<div class=\"elementor-element elementor-element-320630e e-con-full e-flex e-con e-parent\" data-id=\"320630e\" data-element_type=\"container\">\n\t\t<div class=\"elementor-element elementor-element-a7cebd3 e-con-full e-flex e-con e-child\" data-id=\"a7cebd3\" data-element_type=\"container\" data-settings=\"{&quot;background_background&quot;:&quot;classic&quot;}\">\n\t\t<div class=\"elementor-element elementor-element-e5628c9 e-con-full e-flex elementor-invisible e-con e-child\" data-id=\"e5628c9\" data-element_type=\"container\" data-settings=\"{&quot;background_background&quot;:&quot;classic&quot;,&quot;animation&quot;:&quot;fadeIn&quot;}\">\n\t\t<div class=\"elementor-element elementor-element-82e0478 e-con-full e-flex e-con e-child\" data-id=\"82e0478\" data-element_type=\"container\">\n\t\t<div class=\"elementor-element elementor-element-e479bf0 e-con-full e-flex e-con e-child\" data-id=\"e479bf0\" data-element_type=\"container\" data-settings=\"{&quot;background_background&quot;:&quot;classic&quot;}\">\n\t\t\t\t<div class=\"elementor-element elementor-element-6274d00 elementor-widget elementor-widget-heading\" data-id=\"6274d00\" data-element_type=\"widget\" data-settings=\"{&quot;ekit_we_effect_on&quot;:&quot;none&quot;}\" data-widget_type=\"heading.default\">\n\t\t\t\t<div class=\"elementor-widget-container\">\n\t\t\t\t\t<h1 class=\"elementor-heading-title elementor-size-default\">D\u00e9couvrir nos artisans<\/h1>\t\t\t\t<\/div>\n\t\t\t\t<\/div>\n\t\t\t\t<div class=\"elementor-element elementor-element-883aae1 elementor-widget elementor-widget-text-editor\" data-id=\"883aae1\" data-element_type=\"widget\" data-settings=\"{&quot;ekit_we_effect_on&quot;:&quot;none&quot;}\" data-widget_type=\"text-editor.default\">\n\t\t\t\t<div class=\"elementor-widget-container\">\n\t\t\t\t\t\t\t\t\t<p>Apprenez-en plus sur les artisans du Grand March\u00e9 de No\u00ebl de Montr\u00e9al<\/p>\t\t\t\t\t\t\t\t<\/div>\n\t\t\t\t<\/div>\n\t\t\t\t<\/div>\n\t\t\t\t<\/div>\n\t\t\t\t<\/div>\n\t\t\t\t<\/div>\n\t\t\t\t<div class=\"elementor-element elementor-element-a0de049 elementor-widget elementor-widget-shortcode\" data-id=\"a0de049\" data-element_type=\"widget\" data-settings=\"{&quot;ekit_we_effect_on&quot;:&quot;none&quot;}\" data-widget_type=\"shortcode.default\">\n\t\t\t\t<div class=\"elementor-widget-container\">\n\t\t\t\t\t\t\t<div class=\"elementor-shortcode\"><div id=\"caf-post-layout-container\" class=\"caf-post-layout-container \r\n     multiple-taxonomy-filter-hor-modern post-layout3 \r\n     data-target-div1\"\r\n     data-post-type=\"artisans\"\r\n     data-tax=\"periodes,categories_produits\"\r\n     data-terms=\"periodes___731,periodes___733,periodes___735,periodes___737,categories_produits___238,categories_produits___240,categories_produits___242,categories_produits___244,categories_produits___246,categories_produits___248,categories_produits___536,categories_produits___250\"\r\n     data-per-page=\"15\"\r\n     data-selected-terms=\"periodes___731,periodes___733,periodes___735,periodes___737,categories_produits___238,categories_produits___240,categories_produits___242,categories_produits___244,categories_produits___246,categories_produits___248,categories_produits___536,categories_produits___250\"\r\n     data-filter-id=\"1428\"\r\n     data-post-layout=\"post-layout3\"\r\n     data-filter-layout=\"multiple-taxonomy-filter-hor-modern\"\r\n     data-target-div=\"data-target-div1\"\r\n     data-relation=\"IN\"\r\n     data-default-term=\"all\"\r\n     data-scroll=\"desktop\"\r\n     data-scroll-desk=\"-100\"\r\n     data-scroll-mob=\"-100\"\r\n     current-post-id=\"2594\"\r\n     data-order-by=\"title\"\r\n     data-order-type=\"asc\"\r\n     active-filters=\"on\"\r\n     active-filters-style=\"without_tax\"\r\n     ><div class='caf-multiple-taxonomy-filter-modern btn-enable caf-mtf-layout caf-filter-layout data-target-div1 search-layout1 srch-on caf_multi_tax2'>\r\n <div class='manage-inner-caf'>\r\n<ul class='caf_select_multi'><li class='caf_select_multi_default' data-value='0'><span> P\u00e9riodes<\/span><i class='fa fa-chevron-down caf-multi-mod-right' aria-hidden='true'><\/i><\/li><ul class='caf-multi-drop-sub'><li class='caf_select_multi_default_label_2' data-value='0' data-name=' P\u00e9riodes'><i class=' caf-front-ic'><\/i><span> P\u00e9riodes<\/span><\/li><li class='caf_select_multi_dp_value ' data-value='periodes___731' data-name='1 - Du 21 au 30 nov 2025' >1 - Du 21 au 30 nov 2025<\/li><li class='caf_select_multi_dp_value ' data-value='periodes___733' data-name='2 - Du 4 au 14 d\u00e9c 2025' >2 - Du 4 au 14 d\u00e9c 2025<\/li><li class='caf_select_multi_dp_value ' data-value='periodes___735' data-name='3 - Du 15 au 25 d\u00e9c 2025' >3 - Du 15 au 25 d\u00e9c 2025<\/li><li class='caf_select_multi_dp_value ' data-value='periodes___737' data-name='4 - Du 26 au 31 d\u00e9c 2025 et 2 au 4 janv 2026' >4 - Du 26 au 31 d\u00e9c 2025 et 2 au 4 janv 2026<\/li><\/ul><\/ul><ul class='caf_select_multi'><li class='caf_select_multi_default' data-value='0'><span> Categories de produits<\/span><i class='fa fa-chevron-down caf-multi-mod-right' aria-hidden='true'><\/i><\/li><ul class='caf-multi-drop-sub'><li class='caf_select_multi_default_label_2' data-value='0' data-name=' Categories de produits'><i class=' caf-front-ic'><\/i><span> Categories de produits<\/span><\/li><li class='caf_select_multi_dp_value ' data-value='categories_produits___238' data-name='Bijoux' >Bijoux<\/li><li class='caf_select_multi_dp_value ' data-value='categories_produits___240' data-name='Boissons' >Boissons<\/li><li class='caf_select_multi_dp_value ' data-value='categories_produits___242' data-name='Cosm\u00e9tiques' >Cosm\u00e9tiques<\/li><li class='caf_select_multi_dp_value ' data-value='categories_produits___244' data-name='D\u00e9corations &amp; Objets divers' >D\u00e9corations &amp; Objets divers<\/li><li class='caf_select_multi_dp_value ' data-value='categories_produits___246' data-name='Objets pour enfants' >Objets pour enfants<\/li><li class='caf_select_multi_dp_value ' data-value='categories_produits___248' data-name='Produits alimentaires' >Produits alimentaires<\/li><li class='caf_select_multi_dp_value ' data-value='categories_produits___536' data-name='restaurateur' >restaurateur<\/li><li class='caf_select_multi_dp_value ' data-value='categories_produits___250' data-name='V\u00eatements &amp; Accessoires' >V\u00eatements &amp; Accessoires<\/li><\/ul><\/ul><\/ul>\r\n <\/div>\r\n<div class='caf-search-bar sr-layout1'><div class='caf-manage-search-bar'><input type='text' name='caf-search-input' id='caf-search-input' placeholder='Entrez votre recherche' class='caf-search-input'><img id='caf-voice-search' class='caf-mic' src='https:\/\/noelmontreal.ca\/grandmarchedenoel\/wp-content\/plugins\/category-ajax-filter-pro\/\/assets\/img\/mic.png'><input type='button' value='Rechercher' class='caf-search-sub' id='caf-search-sub'><\/div><\/div>\r\n<\/div>\r\n<div class='caf-active-filters'><ul><\/ul><\/div><div class='caf-manage-sorting-front'>\r\n <div class='caf-manage-sorting-wrap first-wrap'>\r\n Order By :\r\n <select class=\"caf-sort-front caf-sort-order-by\">\r\n <option value=\"author\" >Author<\/option>\r\n <option value=\"title\" selected>Title<\/option>\r\n <option value=\"ID\" >Post ID<\/option>\r\n <option value=\"date\" >Date<\/option>\r\n <option value=\"rand\" >Random<\/option>\r\n <\/select><\/div>\r\n\r\n <div class='caf-manage-sorting-wrap'>\r\n Order  :\r\n <select class=\"caf-sort-front caf-sort-order-type\">\r\n <option value=\"asc\" selected>Asc<\/option>\r\n <option value=\"desc\" >Desc<\/option>\r\n <\/select><\/div>\r\n\r\n<\/div>\r\n\r\n<div id='manage-ajax-response' class='caf-row'><div class=\"status\"><i class=\"fa fa-spinner\" aria-hidden=\"true\"><\/i><\/div><div class=\"content\"><\/div><\/div><\/div><\/div>\n\t\t\t\t\t\t<\/div>\n\t\t\t\t<\/div>\n\t\t\t\t<\/div>\n\t\t<div class=\"elementor-element elementor-element-230bae7 e-flex e-con-boxed e-con e-parent\" data-id=\"230bae7\" data-element_type=\"container\">\n\t\t\t\t\t<div class=\"e-con-inner\">\n\t\t<div class=\"elementor-element elementor-element-5bae0dd e-con-full e-flex e-con e-child\" data-id=\"5bae0dd\" data-element_type=\"container\">\n\t\t<div class=\"elementor-element elementor-element-7086d57 e-con-full e-flex e-con e-child\" data-id=\"7086d57\" data-element_type=\"container\">\n\t\t\t\t<div class=\"elementor-element elementor-element-b3c09b3 elementor-widget elementor-widget-text-editor\" data-id=\"b3c09b3\" data-element_type=\"widget\" data-settings=\"{&quot;ekit_we_effect_on&quot;:&quot;none&quot;}\" data-widget_type=\"text-editor.default\">\n\t\t\t\t<div class=\"elementor-widget-container\">\n\t\t\t\t\t\t\t\t\t<p>Nous sommes fiers de vous pr\u00e9senter une s\u00e9lection minutieusement choisie d&rsquo;artisans passionn\u00e9s qui apportent une touche de magie \u00e0 notre village. Leurs cr\u00e9ations\u00a0 captureront votre imagination, que vous cherchiez des cadeaux originaux, des d\u00e9corations de No\u00ebl sp\u00e9ciales ou tout simplement un moment de plaisir et d&rsquo;inspiration.<\/p><p>\u00a0<\/p><p>D\u00e9couvrez la liste compl\u00e8te de nos artisans ci-dessous, et pr\u00e9parez-vous \u00e0 vivre une exp\u00e9rience authentique de No\u00ebl, riche en artisanat, en saveurs d\u00e9licieuses et en \u00e9merveillement.<\/p>\t\t\t\t\t\t\t\t<\/div>\n\t\t\t\t<\/div>\n\t\t\t\t<\/div>\n\t\t\t\t<\/div>\n\t\t\t\t\t<\/div>\n\t\t\t\t<\/div>\n\t\t<div class=\"elementor-element elementor-element-84ff428 e-flex e-con-boxed e-con e-parent\" data-id=\"84ff428\" data-element_type=\"container\">\n\t\t\t\t\t<div class=\"e-con-inner\">\n\t\t<div class=\"elementor-element elementor-element-cf86b7e e-con-full e-flex e-con e-child\" data-id=\"cf86b7e\" data-element_type=\"container\">\n\t\t<div class=\"elementor-element elementor-element-29b96eb e-con-full e-flex e-con e-child\" data-id=\"29b96eb\" data-element_type=\"container\">\n\t\t\t\t<\/div>\n\t\t\t\t<\/div>\n\t\t\t\t\t<\/div>\n\t\t\t\t<\/div>\n\t\t\t\t<\/div>\n\t\t","protected":false},"excerpt":{"rendered":"<p>D\u00e9couvrir nos artisans Apprenez-en plus sur les artisans du Grand March\u00e9 de No\u00ebl de Montr\u00e9al Nous sommes fiers de vous pr\u00e9senter une s\u00e9lection minutieusement choisie d&rsquo;artisans passionn\u00e9s qui apportent une touche de magie \u00e0 notre village. Leurs cr\u00e9ations\u00a0 captureront votre imagination, que vous cherchiez des cadeaux originaux, des d\u00e9corations de No\u00ebl sp\u00e9ciales ou tout simplement [&hellip;]<\/p>\n","protected":false},"author":18,"featured_media":0,"parent":0,"menu_order":0,"comment_status":"closed","ping_status":"closed","template":"elementor_header_footer","meta":{"om_disable_all_campaigns":false,"_monsterinsights_skip_tracking":false,"_monsterinsights_sitenote_active":false,"_monsterinsights_sitenote_note":"","_monsterinsights_sitenote_category":0,"_uf_show_specific_survey":0,"_uf_disable_surveys":false,"footnotes":""},"class_list":["post-2594","page","type-page","status-publish","hentry"],"aioseo_notices":[],"_links":{"self":[{"href":"https:\/\/noelmontreal.ca\/grandmarchedenoel\/wp-json\/wp\/v2\/pages\/2594","targetHints":{"allow":["GET"]}}],"collection":[{"href":"https:\/\/noelmontreal.ca\/grandmarchedenoel\/wp-json\/wp\/v2\/pages"}],"about":[{"href":"https:\/\/noelmontreal.ca\/grandmarchedenoel\/wp-json\/wp\/v2\/types\/page"}],"author":[{"embeddable":true,"href":"https:\/\/noelmontreal.ca\/grandmarchedenoel\/wp-json\/wp\/v2\/users\/18"}],"replies":[{"embeddable":true,"href":"https:\/\/noelmontreal.ca\/grandmarchedenoel\/wp-json\/wp\/v2\/comments?post=2594"}],"version-history":[{"count":11,"href":"https:\/\/noelmontreal.ca\/grandmarchedenoel\/wp-json\/wp\/v2\/pages\/2594\/revisions"}],"predecessor-version":[{"id":2612,"href":"https:\/\/noelmontreal.ca\/grandmarchedenoel\/wp-json\/wp\/v2\/pages\/2594\/revisions\/2612"}],"wp:attachment":[{"href":"https:\/\/noelmontreal.ca\/grandmarchedenoel\/wp-json\/wp\/v2\/media?parent=2594"}],"curies":[{"name":"wp","href":"https:\/\/api.w.org\/{rel}","templated":true}]}}