{"id":10,"date":"2022-10-16T22:27:33","date_gmt":"2022-10-16T22:27:33","guid":{"rendered":"https:\/\/noelmontreal.ca\/grandmarchedenoel\/?page_id=10"},"modified":"2025-11-22T22:24:56","modified_gmt":"2025-11-22T22:24:56","slug":"faq","status":"publish","type":"page","link":"https:\/\/noelmontreal.ca\/grandmarchedenoel\/faq\/","title":{"rendered":"FAQ"},"content":{"rendered":"\t\t<div data-elementor-type=\"wp-page\" data-elementor-id=\"10\" class=\"elementor elementor-10\" data-elementor-post-type=\"page\">\n\t\t\t\t\t\t<section class=\"elementor-section elementor-top-section elementor-element elementor-element-475eed8 elementor-section-full_width elementor-section-height-default elementor-section-height-default\" data-id=\"475eed8\" data-element_type=\"section\" data-settings=\"{&quot;background_background&quot;:&quot;classic&quot;}\">\n\t\t\t\t\t\t\t<div class=\"elementor-background-overlay\"><\/div>\n\t\t\t\t\t\t\t<div class=\"elementor-container elementor-column-gap-default\">\n\t\t\t\t\t<div class=\"elementor-column elementor-col-100 elementor-top-column elementor-element elementor-element-9ef340d elementor-invisible\" data-id=\"9ef340d\" data-element_type=\"column\" data-settings=\"{&quot;background_background&quot;:&quot;classic&quot;,&quot;animation&quot;:&quot;fadeIn&quot;}\">\n\t\t\t<div class=\"elementor-widget-wrap elementor-element-populated\">\n\t\t\t\t\t\t<section class=\"elementor-section elementor-inner-section elementor-element elementor-element-43c7b93 elementor-section-boxed elementor-section-height-default elementor-section-height-default\" data-id=\"43c7b93\" data-element_type=\"section\">\n\t\t\t\t\t\t<div class=\"elementor-container elementor-column-gap-default\">\n\t\t\t\t\t<div class=\"elementor-column elementor-col-100 elementor-inner-column elementor-element elementor-element-71c7e35\" data-id=\"71c7e35\" data-element_type=\"column\" data-settings=\"{&quot;background_background&quot;:&quot;classic&quot;}\">\n\t\t\t<div class=\"elementor-widget-wrap elementor-element-populated\">\n\t\t\t\t\t\t<div class=\"elementor-element elementor-element-c053afe elementor-widget elementor-widget-heading\" data-id=\"c053afe\" data-element_type=\"widget\" data-settings=\"{&quot;ekit_we_effect_on&quot;:&quot;none&quot;}\" data-widget_type=\"heading.default\">\n\t\t\t\t<div class=\"elementor-widget-container\">\n\t\t\t\t\t<h1 class=\"elementor-heading-title elementor-size-default\">Foire aux questions<\/h1>\t\t\t\t<\/div>\n\t\t\t\t<\/div>\n\t\t\t\t<div class=\"elementor-element elementor-element-d7d7e8c elementor-widget elementor-widget-text-editor\" data-id=\"d7d7e8c\" data-element_type=\"widget\" data-settings=\"{&quot;ekit_we_effect_on&quot;:&quot;none&quot;}\" data-widget_type=\"text-editor.default\">\n\t\t\t\t<div class=\"elementor-widget-container\">\n\t\t\t\t\t\t\t\t\t<p>Toutes les questions que vous vous posez sur nos \u00e9v\u00e9nements.<\/p>\t\t\t\t\t\t\t\t<\/div>\n\t\t\t\t<\/div>\n\t\t\t\t\t<\/div>\n\t\t<\/div>\n\t\t\t\t\t<\/div>\n\t\t<\/section>\n\t\t\t\t\t<\/div>\n\t\t<\/div>\n\t\t\t\t\t<\/div>\n\t\t<\/section>\n\t\t\t\t<section class=\"elementor-section elementor-top-section elementor-element elementor-element-9418729 elementor-section-boxed elementor-section-height-default elementor-section-height-default\" data-id=\"9418729\" data-element_type=\"section\">\n\t\t\t\t\t\t<div class=\"elementor-container elementor-column-gap-default\">\n\t\t\t\t\t<div class=\"elementor-column elementor-col-100 elementor-top-column elementor-element elementor-element-3df2ef1\" data-id=\"3df2ef1\" data-element_type=\"column\">\n\t\t\t<div class=\"elementor-widget-wrap elementor-element-populated\">\n\t\t\t\t\t\t<div class=\"elementor-element elementor-element-b696d63 elementor-widget elementor-widget-exhibz-title\" data-id=\"b696d63\" data-element_type=\"widget\" data-settings=\"{&quot;ekit_we_effect_on&quot;:&quot;none&quot;}\" data-widget_type=\"exhibz-title.default\">\n\t\t\t\t<div class=\"elementor-widget-container\">\n\t\t\t\t\t\n    <div class=\"title-section-area\">\n        <h2 class=\"section-title\">\n            <span class=\"sub-title\"><\/span>\n\t\t\tQuestions des visiteurs        <\/h2>\n\t\t                    <\/div><!-- Section title -->\n    \n    \n\n    \t\t\t\t<\/div>\n\t\t\t\t<\/div>\n\t\t\t\t<div class=\"elementor-element elementor-element-7dc57e3 elementor-widget elementor-widget-elementskit-accordion\" data-id=\"7dc57e3\" data-element_type=\"widget\" data-settings=\"{&quot;ekit_we_effect_on&quot;:&quot;none&quot;}\" data-widget_type=\"elementskit-accordion.default\">\n\t\t\t\t<div class=\"elementor-widget-container\">\n\t\t\t\t\t<div class=\"ekit-wid-con\" >\n        <div class=\"elementskit-accordion accoedion-primary\" id=\"accordion-69d5ae01662de\">\n\n            \n                <div class=\"elementskit-card active\">\n                    <div class=\"elementskit-card-header\" id=\"primaryHeading-0-7dc57e3\">\n                        <a href=\"#collapse-eb7db9769d5ae01662de\" class=\"ekit-accordion--toggler elementskit-btn-link collapsed\" data-ekit-toggle=\"collapse\" data-target=\"#Collapse-eb7db9769d5ae01662de\" aria-expanded=\"true\" aria-controls=\"Collapse-eb7db9769d5ae01662de\">\n                            \n                            <span class=\"ekit-accordion-title\">Les animaux sont-ils autoris\u00e9s ?<\/span>\n\n                            \n                                <div class=\"ekit_accordion_icon_group\">\n                                    <div class=\"ekit_accordion_normal_icon\">\n                                        <!-- Normal Icon -->\n\t\t\t\t\t\t\t\t\t\t<i class=\"icon icon-down-arrow1\"><\/i>                                    <\/div>\n\n                                    <div class=\"ekit_accordion_active_icon\">\n                                        <!-- Active Icon -->\n\t\t\t\t\t\t\t\t\t\t<i class=\"icon icon-up-arrow\"><\/i>                                    <\/div>\n                                <\/div>\n\n                            \n                                                    <\/a>\n                    <\/div>\n\n                    <div id=\"Collapse-eb7db9769d5ae01662de\" class=\" show collapse\" aria-labelledby=\"primaryHeading-0-7dc57e3\" data-parent=\"#accordion-69d5ae01662de\">\n\n                        <div class=\"elementskit-card-body ekit-accordion--content\">\n                            <p>Oui, nos amis \u00e0 4 pattes sont les bienvenus,\u00a0<strong>\u00e0 condition qu\u2019ils soient tenus en laisse<\/strong>.<\/p>                        <\/div>\n\n                    <\/div>\n\n                <\/div><!-- .elementskit-card END -->\n\n                \n                <div class=\"elementskit-card \">\n                    <div class=\"elementskit-card-header\" id=\"primaryHeading-1-7dc57e3\">\n                        <a href=\"#collapse-2ab636269d5ae01662de\" class=\"ekit-accordion--toggler elementskit-btn-link collapsed\" data-ekit-toggle=\"collapse\" data-target=\"#Collapse-2ab636269d5ae01662de\" aria-expanded=\"false\" aria-controls=\"Collapse-2ab636269d5ae01662de\">\n                            \n                            <span class=\"ekit-accordion-title\">Les sites sont-ils adapt\u00e9s aux personnes \u00e0 mobilit\u00e9 r\u00e9duite ?<\/span>\n\n                            \n                                <div class=\"ekit_accordion_icon_group\">\n                                    <div class=\"ekit_accordion_normal_icon\">\n                                        <!-- Normal Icon -->\n\t\t\t\t\t\t\t\t\t\t<i class=\"icon icon-down-arrow1\"><\/i>                                    <\/div>\n\n                                    <div class=\"ekit_accordion_active_icon\">\n                                        <!-- Active Icon -->\n\t\t\t\t\t\t\t\t\t\t<i class=\"icon icon-up-arrow\"><\/i>                                    <\/div>\n                                <\/div>\n\n                            \n                                                    <\/a>\n                    <\/div>\n\n                    <div id=\"Collapse-2ab636269d5ae01662de\" class=\" collapse\" aria-labelledby=\"primaryHeading-1-7dc57e3\" data-parent=\"#accordion-69d5ae01662de\">\n\n                        <div class=\"elementskit-card-body ekit-accordion--content\">\n                            <p><strong>Tous nos sites sont accessibles<\/strong>\u00a0aux poussettes et aux personnes \u00e0 mobilit\u00e9 r\u00e9duite.<\/p>                        <\/div>\n\n                    <\/div>\n\n                <\/div><!-- .elementskit-card END -->\n\n                \n                <div class=\"elementskit-card \">\n                    <div class=\"elementskit-card-header\" id=\"primaryHeading-2-7dc57e3\">\n                        <a href=\"#collapse-c86697a69d5ae01662de\" class=\"ekit-accordion--toggler elementskit-btn-link collapsed\" data-ekit-toggle=\"collapse\" data-target=\"#Collapse-c86697a69d5ae01662de\" aria-expanded=\"false\" aria-controls=\"Collapse-c86697a69d5ae01662de\">\n                            \n                            <span class=\"ekit-accordion-title\">Comment se rendre aux diff\u00e9rents \u00e9v\u00e9nements ?<\/span>\n\n                            \n                                <div class=\"ekit_accordion_icon_group\">\n                                    <div class=\"ekit_accordion_normal_icon\">\n                                        <!-- Normal Icon -->\n\t\t\t\t\t\t\t\t\t\t<i class=\"icon icon-down-arrow1\"><\/i>                                    <\/div>\n\n                                    <div class=\"ekit_accordion_active_icon\">\n                                        <!-- Active Icon -->\n\t\t\t\t\t\t\t\t\t\t<i class=\"icon icon-up-arrow\"><\/i>                                    <\/div>\n                                <\/div>\n\n                            \n                                                    <\/a>\n                    <\/div>\n\n                    <div id=\"Collapse-c86697a69d5ae01662de\" class=\" collapse\" aria-labelledby=\"primaryHeading-2-7dc57e3\" data-parent=\"#accordion-69d5ae01662de\">\n\n                        <div class=\"elementskit-card-body ekit-accordion--content\">\n                            <p>Voir les informations pratiques\u00a0<a href=\"https:\/\/noelmontreal.ca\/grandmarchedenoel\/#visit\" target=\"_blank\" rel=\"noopener\">ici.<\/a><\/p>                        <\/div>\n\n                    <\/div>\n\n                <\/div><!-- .elementskit-card END -->\n\n                \n                <div class=\"elementskit-card \">\n                    <div class=\"elementskit-card-header\" id=\"primaryHeading-3-7dc57e3\">\n                        <a href=\"#collapse-d9c79f069d5ae01662de\" class=\"ekit-accordion--toggler elementskit-btn-link collapsed\" data-ekit-toggle=\"collapse\" data-target=\"#Collapse-d9c79f069d5ae01662de\" aria-expanded=\"false\" aria-controls=\"Collapse-d9c79f069d5ae01662de\">\n                            \n                            <span class=\"ekit-accordion-title\">Faut-il payer pour assister aux \u00e9v\u00e9nements ?<\/span>\n\n                            \n                                <div class=\"ekit_accordion_icon_group\">\n                                    <div class=\"ekit_accordion_normal_icon\">\n                                        <!-- Normal Icon -->\n\t\t\t\t\t\t\t\t\t\t<i class=\"icon icon-down-arrow1\"><\/i>                                    <\/div>\n\n                                    <div class=\"ekit_accordion_active_icon\">\n                                        <!-- Active Icon -->\n\t\t\t\t\t\t\t\t\t\t<i class=\"icon icon-up-arrow\"><\/i>                                    <\/div>\n                                <\/div>\n\n                            \n                                                    <\/a>\n                    <\/div>\n\n                    <div id=\"Collapse-d9c79f069d5ae01662de\" class=\" collapse\" aria-labelledby=\"primaryHeading-3-7dc57e3\" data-parent=\"#accordion-69d5ae01662de\">\n\n                        <div class=\"elementskit-card-body ekit-accordion--content\">\n                            <p>Tous nos \u00e9v\u00e9nements sont\u00a0<strong>gratuits<\/strong>\u00a0et\u00a0<strong>ouverts \u00e0 tous<\/strong>.<\/p>                        <\/div>\n\n                    <\/div>\n\n                <\/div><!-- .elementskit-card END -->\n\n                \n                <div class=\"elementskit-card \">\n                    <div class=\"elementskit-card-header\" id=\"primaryHeading-4-7dc57e3\">\n                        <a href=\"#collapse-fe8a02469d5ae01662de\" class=\"ekit-accordion--toggler elementskit-btn-link collapsed\" data-ekit-toggle=\"collapse\" data-target=\"#Collapse-fe8a02469d5ae01662de\" aria-expanded=\"false\" aria-controls=\"Collapse-fe8a02469d5ae01662de\">\n                            \n                            <span class=\"ekit-accordion-title\">Quelles sont les toilettes les plus proches ?<\/span>\n\n                            \n                                <div class=\"ekit_accordion_icon_group\">\n                                    <div class=\"ekit_accordion_normal_icon\">\n                                        <!-- Normal Icon -->\n\t\t\t\t\t\t\t\t\t\t<i class=\"icon icon-down-arrow1\"><\/i>                                    <\/div>\n\n                                    <div class=\"ekit_accordion_active_icon\">\n                                        <!-- Active Icon -->\n\t\t\t\t\t\t\t\t\t\t<i class=\"icon icon-up-arrow\"><\/i>                                    <\/div>\n                                <\/div>\n\n                            \n                                                    <\/a>\n                    <\/div>\n\n                    <div id=\"Collapse-fe8a02469d5ae01662de\" class=\" collapse\" aria-labelledby=\"primaryHeading-4-7dc57e3\" data-parent=\"#accordion-69d5ae01662de\">\n\n                        <div class=\"elementskit-card-body ekit-accordion--content\">\n                            <p>Nous sugg\u00e9rons les salles de bain dans le Complexe Desjardins, situ\u00e9es \u00e0 l\u2019\u00e9tage inf\u00e9rieur.<\/p>                        <\/div>\n\n                    <\/div>\n\n                <\/div><!-- .elementskit-card END -->\n\n                                        <\/div>\n    <\/div>\t\t\t\t<\/div>\n\t\t\t\t<\/div>\n\t\t\t\t\t<\/div>\n\t\t<\/div>\n\t\t\t\t\t<\/div>\n\t\t<\/section>\n\t\t\t\t<\/div>\n\t\t","protected":false},"excerpt":{"rendered":"<p>Foire aux questions Toutes les questions que vous vous posez sur nos \u00e9v\u00e9nements. Questions des visiteurs Les animaux sont-ils autoris\u00e9s ? Oui, nos amis \u00e0 4 pattes sont les bienvenus,\u00a0\u00e0 condition qu\u2019ils soient tenus en laisse. Les sites sont-ils adapt\u00e9s aux personnes \u00e0 mobilit\u00e9 r\u00e9duite ? Tous nos sites sont accessibles\u00a0aux poussettes et aux personnes [&hellip;]<\/p>\n","protected":false},"author":1,"featured_media":0,"parent":0,"menu_order":0,"comment_status":"closed","ping_status":"closed","template":"elementor_header_footer","meta":{"om_disable_all_campaigns":false,"_monsterinsights_skip_tracking":false,"_monsterinsights_sitenote_active":false,"_monsterinsights_sitenote_note":"","_monsterinsights_sitenote_category":0,"_uf_show_specific_survey":0,"_uf_disable_surveys":false,"footnotes":""},"class_list":["post-10","page","type-page","status-publish","hentry"],"aioseo_notices":[],"_links":{"self":[{"href":"https:\/\/noelmontreal.ca\/grandmarchedenoel\/wp-json\/wp\/v2\/pages\/10","targetHints":{"allow":["GET"]}}],"collection":[{"href":"https:\/\/noelmontreal.ca\/grandmarchedenoel\/wp-json\/wp\/v2\/pages"}],"about":[{"href":"https:\/\/noelmontreal.ca\/grandmarchedenoel\/wp-json\/wp\/v2\/types\/page"}],"author":[{"embeddable":true,"href":"https:\/\/noelmontreal.ca\/grandmarchedenoel\/wp-json\/wp\/v2\/users\/1"}],"replies":[{"embeddable":true,"href":"https:\/\/noelmontreal.ca\/grandmarchedenoel\/wp-json\/wp\/v2\/comments?post=10"}],"version-history":[{"count":31,"href":"https:\/\/noelmontreal.ca\/grandmarchedenoel\/wp-json\/wp\/v2\/pages\/10\/revisions"}],"predecessor-version":[{"id":3054,"href":"https:\/\/noelmontreal.ca\/grandmarchedenoel\/wp-json\/wp\/v2\/pages\/10\/revisions\/3054"}],"wp:attachment":[{"href":"https:\/\/noelmontreal.ca\/grandmarchedenoel\/wp-json\/wp\/v2\/media?parent=10"}],"curies":[{"name":"wp","href":"https:\/\/api.w.org\/{rel}","templated":true}]}}